{"id":11,"date":"2015-08-11T19:49:59","date_gmt":"2015-08-11T19:49:59","guid":{"rendered":"http:\/\/fyaconsultoria.com\/?page_id=11"},"modified":"2025-05-14T21:03:41","modified_gmt":"2025-05-15T03:03:41","slug":"nuestros-servicios","status":"publish","type":"page","link":"https:\/\/fyaconsultoria.com.mx\/index.php\/nuestros-servicios\/","title":{"rendered":"Nuestros servicios"},"content":{"rendered":"<h1 class=\"wp-block-heading\"><b>Contamos con cinco \u00e1reas de servicio:<\/b><\/h1><ol class=\"wp-block-list\"><li><b>Cursos cerrados y abiertos: <\/b>Eventos impartidos en las instalaciones de la organizaci\u00f3n \u00f3 lugares designados por nuestros clientes.<b><br><\/b><\/li>\n\n<li><b>Selecci\u00f3n de personal: <\/b>Nivel ejecutivo o masivo.<b><br><\/b><\/li>\n\n<li><b><i>E-learning<\/i>: <\/b>Enfocadas al desarrollo de habilidades y competencias para la productividad, a trav\u00e9s de procesos <i>online<\/i><b><br><\/b><\/li>\n\n<li><b>Conferencias: <\/b>En convenciones, congresos, juntas de trabajo, etc.<b><br><\/b><\/li>\n\n<li><b>Coaching directivo: <\/b>Organizados con el fin de asesorar permanentemente los procesos de mejora, desarrollo y cambio.<\/li><\/ol><h2 class=\"wp-block-heading\">Cat\u00e1logo de servicios<\/h2><p><b>Diplomados<\/b><\/p><ul class=\"wp-block-list\"><li><b>Diplomado en Administraci\u00f3n de Recursos Humanos y Gesti\u00f3n del Capital Emocional\u00a0<\/b><b><i>(modalidad presencial y online)<\/i><\/b><\/li>\n\n<li><b>Diplomado en Habilidades Gerenciales y Directivas\u00a0<\/b><b><i>(modalidad presencial y online)<\/i><\/b><\/li>\n\n<li><b>Diplomado en Desarrollo de Habilidades de Supervisi\u00f3n y Capital Humano\u00a0<\/b><b><i>(modalidad presencial y online)<\/i><\/b><\/li>\n\n<li><b>Diplomado en Desarrollo del Capital Emocional\u00a0<\/b><b><i>(modalidad presencial y online)<\/i><\/b><\/li><\/ul><p><b>Conferencias&nbsp;<\/b><\/p><ul class=\"wp-block-list\"><li><b>Los tres mosqueteros, \u00abFamilia, Trabajo y Yo\u00bb<\/b><\/li>\n\n<li><b>Creas lo que crees, \u00abEmociones, Percepciones y Creaciones\u00bb<\/b><\/li>\n\n<li><b>Los manzanos dan manzanas, los perales peras, \u00abEl poder de Creer en Ti\u00bb<\/b><\/li>\n\n<li><b>El espejo, \u00abPadres triunfadores, hijos de excelencia\u00bb<\/b><\/li>\n\n<li><b>El espejo, \u00abTu equipo, tu reflejo\u00bb<\/b><\/li>\n\n<li><b>Dale valor a tu experiencia, \u00abTrasmitiendo tu esencia a la organizaci\u00f3n\u00bb<\/b><\/li>\n\n<li><b>Vende y vive feliz, \u00abPaciencia, Armon\u00eda y Resultados\u00bb<\/b><\/li>\n\n<li><b>5 Ss Emocionales, \u00abElimina lo que no te sirve\u00bb<\/b><\/li>\n\n<li><b>6 pasos a la plenitud, \u00abSer feliz no es una locura\u00bb<\/b><\/li>\n\n<li><b>Abriendo los ojos, \u00abAprendiendo a Escuchar\u00bb<\/b><\/li>\n\n<li><b>Protejan al huevo, \u00abC\u00f3mo aprovechar los recursos y lograr resultados\u00bb<\/b><\/li><\/ul><p><b>Cursos, talleres y Seminarios<\/b><\/p><ul class=\"wp-block-list\"><li><b>El Agente Ocurrente \u201cHaz que las Cosas Ocurran\u201d<\/b><\/li>\n\n<li><b>Gesti\u00f3n\u00a0 Emocional \u00abDesarrollando tu Inteligencia Emocional\u00bb<\/b><\/li>\n\n<li><b>Vende y Vive Feliz<\/b><\/li>\n\n<li><b>Finanzas para no Financieros<\/b><\/li>\n\n<li><b>Conceptos B\u00e1sicos de Contabilidad<\/b><\/li>\n\n<li><b>Conceptos Fiscales<\/b><\/li>\n\n<li><b>El Servicio al Cliente, \u00abla Clave de la Fidelidad\u00bb<\/b><\/li>\n\n<li><b>La Actitud y su Papel en nuestras Vidas<\/b><\/li>\n\n<li><b>5 Ss Emocionales \u201cElimina lo que no te sirve\u201d<\/b><\/li>\n\n<li><b>Manejo Productivo del estr\u00e9s laboral<\/b><\/li>\n\n<li><b>Comunicaci\u00f3n efectiva<\/b><\/li>\n\n<li><b>Manejo de Conflictos, \u201cConvirtiendo los Problemas en \u00c9xitos\u201d<\/b><\/li>\n\n<li><b>Negociaci\u00f3n estrat\u00e9gica, \u201cLogrando Acuerdos Productivos\u201d<\/b><\/li>\n\n<li><b>Supervisi\u00f3n Efectiva, \u201cOrquestando el \u00c9xito\u201d<\/b><\/li>\n\n<li><b>Trabajo en Equipo, \u201cVolando como Gansos\u201d<\/b><\/li>\n\n<li><b>Desarrollo de Equipos de Trabajo<\/b><\/li>\n\n<li><b>Ventas de Alto Impacto\u00a0<i>\u201cVendes o te Compran\u201d<\/i><\/b><\/li>\n\n<li><b>Publicidad con Valor<\/b><\/li>\n\n<li><b>Calidad en el Servicio<\/b><\/li>\n\n<li><b>Oratoria<\/b><\/li>\n\n<li><b>Manejo Efectivo de Reuniones<\/b><\/li>\n\n<li><b>Manejo y Resoluci\u00f3n de Conflictos<\/b><\/li>\n\n<li><b>Relaciones P\u00fablicas<\/b><\/li>\n\n<li><b>Coaching<\/b><\/li>\n\n<li><b>Desarrollo del Talento Emprendedor<\/b><\/li>\n\n<li><b>Ventas y Servicio al cliente<\/b><\/li>\n\n<li><b>Liderazgo<\/b><\/li>\n\n<li><b>Programaci\u00f3n Neuroling\u00fc\u00edstica, \u201cEl Poder de Nuestro Pensamiento\u201d<\/b><\/li>\n\n<li><b>Habilidades Directivas<\/b><\/li>\n\n<li><b>Desarrollo de vendedores y servicio al cliente<\/b><\/li>\n\n<li><b>Motivaci\u00f3n en el Trabajo<\/b><\/li>\n\n<li><b>Formaci\u00f3n de Instructores<\/b><\/li>\n\n<li><b>Superaci\u00f3n de Secretarias y Asistentes\u00a0<\/b><\/li>\n\n<li><b>Calidad Total\u00a0<\/b><\/li>\n\n<li><b>Funcionarios y Personal de atenci\u00f3n y asistencia<\/b><\/li>\n\n<li><b>Grafolog\u00eda<\/b><\/li>\n\n<li><b>Manejo de crisis organizacionales<\/b><\/li><\/ul><p><strong>Extenci\u00f3n de cat\u00e1logo<\/strong><\/p><p><strong>1. Estandarizaci\u00f3n de Procesos<\/strong><\/p><p>Implementaci\u00f3n de metodolog\u00edas para el an\u00e1lisis, dise\u00f1o, documentaci\u00f3n y mejora<\/p><p>continua de procesos clave, con enfoque en eficiencia, trazabilidad y claridad<\/p><p>operativa.<\/p><p><strong>2. Implementaci\u00f3n de Sistemas de Gesti\u00f3n de la Calidad (ISO 9001)<\/strong><\/p><p>Dise\u00f1o, desarrollo y acompa\u00f1amiento en la implementaci\u00f3n de Sistemas de<\/p><p>Gesti\u00f3n bajo el est\u00e1ndar ISO 9001:2015, con base en las directrices de la norma ISO<\/p><p>19011:2018 para auditor\u00eda interna.<\/p><p><strong>3. Dise\u00f1o y Formalizaci\u00f3n de Pol\u00edticas Internas<\/strong><\/p><p>Creaci\u00f3n, redacci\u00f3n e implementaci\u00f3n de pol\u00edticas institucionales alineadas con la<\/p><p>cultura organizacional, el cumplimiento normativo y los objetivos estrat\u00e9gicos.<\/p><p><strong>4. Manuales, Procedimientos y Flujogramas<\/strong><\/p><p>Elaboraci\u00f3n integral de documentaci\u00f3n operativa (manuales, instructivos, matrices<\/p><p>RACI, diagramas de flujo), orientada a la claridad, capacitaci\u00f3n interna y mejora<\/p><p>continua.5. Imagen Corporativa<\/p><p>Desarrollo de identidad visual institucional: logotipo, paleta de color, tipograf\u00eda,<\/p><p>estilo gr\u00e1fico y aplicaciones b\u00e1sicas (papeler\u00eda, firmas, presentaciones).<\/p><p><strong>6. Asesor\u00eda y Mentor\u00eda en Identidad de Marca<\/strong><\/p><p>Acompa\u00f1amiento estrat\u00e9gico para la construcci\u00f3n, reposicionamiento o<\/p><p>consolidaci\u00f3n de marcas personales o corporativas, desde la narrativa conceptual<\/p><p>hasta su expresi\u00f3n visual y comunicacional.<\/p><p><strong>7. Producci\u00f3n de Fotograf\u00eda y Video Institucional<\/strong><\/p><p>Desarrollo de contenido audiovisual para posicionamiento de marca, comunicaci\u00f3n<\/p><p>interna y externa, campa\u00f1as, redes sociales y materiales institucionales.<\/p><p><strong>8. Auditor\u00edas Internas<\/strong><\/p><p>Planeaci\u00f3n, ejecuci\u00f3n y reporte de auditor\u00edas internas bajo sistemas de gesti\u00f3n<\/p><p>(ISO 9001), con enfoque en el cumplimiento normativo, hallazgos clave y planes de<\/p><p>acci\u00f3n.<\/p><p><strong>Servicios adicionales<\/strong><\/p>\n<ul>\n<li><strong>Desarrollo de C\u00f3digos de Conducta<\/strong><\/li>\n<li><strong>Planes de protecci\u00f3n civil <\/strong><\/li>\n<li><strong>Procesos de seguridad industrial <\/strong><\/li>\n<li><strong>Desarrollo de coraz\u00f3n ideol\u00f3gico <\/strong><\/li>\n<li><strong>Desarrollo de cursos en l\u00ednea <\/strong><\/li>\n<li><strong>Producci\u00f3n audio-visual<\/strong><\/li>\n<li><strong>Auditor\u00eda de calidad laboral <\/strong><\/li>\n<li><strong>Producci\u00f3n multimedia<\/strong><\/li>\n<li><strong>Programas de inducci\u00f3n y re inducci\u00f3n<\/strong><\/li>\n<\/ul><figure class=\"wp-block-gallery-1 is-layout-flex wp-block-gallery-is-layout-flex\">\n<figure><a href=\"https:\/\/fyaconsultoria.com.mx\/wp-content\/uploads\/2015\/08\/11241031_10206117110099747_4829936764444675174_n.jpg\"><img decoding=\"async\" data-id=\"61\" src=\"https:\/\/fyaconsultoria.com.mx\/wp-content\/uploads\/2015\/08\/11241031_10206117110099747_4829936764444675174_n.jpg\" alt=\"\" \/><\/a><\/figure>\n<figure><a href=\"https:\/\/fyaconsultoria.com.mx\/wp-content\/uploads\/2015\/08\/11046525_10205233697374981_2685177304940034206_n.jpg\"><img decoding=\"async\" data-id=\"60\" src=\"https:\/\/fyaconsultoria.com.mx\/wp-content\/uploads\/2015\/08\/11046525_10205233697374981_2685177304940034206_n.jpg\" alt=\"\" \/><\/a><\/figure>\n<figure><a href=\"https:\/\/fyaconsultoria.com.mx\/wp-content\/uploads\/2015\/08\/Frisco03.jpg\"><img decoding=\"async\" data-id=\"59\" src=\"https:\/\/fyaconsultoria.com.mx\/wp-content\/uploads\/2015\/08\/Frisco03.jpg\" alt=\"\" \/><\/a><\/figure>\n<figure><a href=\"https:\/\/fyaconsultoria.com.mx\/wp-content\/uploads\/2015\/08\/11666178_10206134226967658_579945929480922424_n.jpg\"><img decoding=\"async\" data-id=\"58\" src=\"https:\/\/fyaconsultoria.com.mx\/wp-content\/uploads\/2015\/08\/11666178_10206134226967658_579945929480922424_n.jpg\" alt=\"\" \/><\/a><\/figure>\n<\/figure>","protected":false},"excerpt":{"rendered":"<p>Contamos con cinco \u00e1reas de servicio: Cat\u00e1logo de servicios Diplomados Conferencias&nbsp; Cursos, talleres y Seminarios Extenci\u00f3n de cat\u00e1logo 1. Estandarizaci\u00f3n de Procesos Implementaci\u00f3n de metodolog\u00edas para el an\u00e1lisis, dise\u00f1o, documentaci\u00f3n y mejora continua de procesos clave, con enfoque en eficiencia, [&hellip;]<\/p>\n","protected":false},"author":1,"featured_media":0,"parent":0,"menu_order":0,"comment_status":"open","ping_status":"open","template":"","meta":{"footnotes":""},"class_list":["post-11","page","type-page","status-publish","hentry"],"_links":{"self":[{"href":"https:\/\/fyaconsultoria.com.mx\/index.php\/wp-json\/wp\/v2\/pages\/11","targetHints":{"allow":["GET"]}}],"collection":[{"href":"https:\/\/fyaconsultoria.com.mx\/index.php\/wp-json\/wp\/v2\/pages"}],"about":[{"href":"https:\/\/fyaconsultoria.com.mx\/index.php\/wp-json\/wp\/v2\/types\/page"}],"author":[{"embeddable":true,"href":"https:\/\/fyaconsultoria.com.mx\/index.php\/wp-json\/wp\/v2\/users\/1"}],"replies":[{"embeddable":true,"href":"https:\/\/fyaconsultoria.com.mx\/index.php\/wp-json\/wp\/v2\/comments?post=11"}],"version-history":[{"count":9,"href":"https:\/\/fyaconsultoria.com.mx\/index.php\/wp-json\/wp\/v2\/pages\/11\/revisions"}],"predecessor-version":[{"id":123,"href":"https:\/\/fyaconsultoria.com.mx\/index.php\/wp-json\/wp\/v2\/pages\/11\/revisions\/123"}],"wp:attachment":[{"href":"https:\/\/fyaconsultoria.com.mx\/index.php\/wp-json\/wp\/v2\/media?parent=11"}],"curies":[{"name":"wp","href":"https:\/\/api.w.org\/{rel}","templated":true}]}}