{"id":18,"date":"2015-08-11T14:57:05","date_gmt":"2015-08-11T19:57:05","guid":{"rendered":"http:\/\/fyaconsultoria.com\/?page_id=18"},"modified":"2024-10-23T20:38:04","modified_gmt":"2024-10-24T02:38:04","slug":"antecedentes","status":"publish","type":"page","link":"https:\/\/fyaconsultoria.com.mx\/index.php\/antecedentes\/","title":{"rendered":"Antecedentes"},"content":{"rendered":"<h1 class=\"wp-block-heading\"><span style=\"color: #339966;\"><b><i>Nuestro idioma es el idioma de las necesidades de nuestros clientes\u2026<\/i><\/b><\/span><\/h1><p><b>F&amp;A <\/b>Consultor\u00eda Organizacional, nace de la asociaci\u00f3n de expertos en diversas \u00e1reas del conocimiento enfocados al Ser Humano, sus premisas, sus actitudes y su impacto en la eficiencia organizacional.<\/p><p>Contamos con experiencia en empresas e instituciones de M\u00e9xico y Centroam\u00e9rica.<\/p><p>Hemos atendido clientes del sector p\u00fablico, privado, comercial, educativo de tecnolog\u00edas y de negocios, estos son algunos de ellos:<\/p><figure class=\"wp-block-image size-full\"><a href=\"https:\/\/fyaconsultoria.com.mx\/wp-content\/uploads\/2015\/08\/Captura-de-pantalla-2015-08-11-a-las-15.08.02.png\"><img fetchpriority=\"high\" decoding=\"async\" width=\"1006\" height=\"730\" src=\"https:\/\/fyaconsultoria.com.mx\/wp-content\/uploads\/2015\/08\/Captura-de-pantalla-2015-08-11-a-las-15.08.02.png\" alt=\"\" class=\"wp-image-34\" srcset=\"https:\/\/fyaconsultoria.com.mx\/wp-content\/uploads\/2015\/08\/Captura-de-pantalla-2015-08-11-a-las-15.08.02.png 1006w, https:\/\/fyaconsultoria.com.mx\/wp-content\/uploads\/2015\/08\/Captura-de-pantalla-2015-08-11-a-las-15.08.02-600x435.png 600w, https:\/\/fyaconsultoria.com.mx\/wp-content\/uploads\/2015\/08\/Captura-de-pantalla-2015-08-11-a-las-15.08.02-300x218.png 300w\" sizes=\"(max-width: 1006px) 100vw, 1006px\" \/><\/a><\/figure><figure class=\"wp-block-image size-large\"><a href=\"https:\/\/fyaconsultoria.com.mx\/wp-content\/uploads\/2015\/08\/Captura-de-pantalla-2015-08-11-a-las-15.08.47.png\"><img decoding=\"async\" width=\"1024\" height=\"907\" src=\"https:\/\/fyaconsultoria.com.mx\/wp-content\/uploads\/2015\/08\/Captura-de-pantalla-2015-08-11-a-las-15.08.47-1024x907.png\" alt=\"\" class=\"wp-image-35\" srcset=\"https:\/\/fyaconsultoria.com.mx\/wp-content\/uploads\/2015\/08\/Captura-de-pantalla-2015-08-11-a-las-15.08.47-1024x907.png 1024w, https:\/\/fyaconsultoria.com.mx\/wp-content\/uploads\/2015\/08\/Captura-de-pantalla-2015-08-11-a-las-15.08.47-600x531.png 600w, https:\/\/fyaconsultoria.com.mx\/wp-content\/uploads\/2015\/08\/Captura-de-pantalla-2015-08-11-a-las-15.08.47-300x266.png 300w, https:\/\/fyaconsultoria.com.mx\/wp-content\/uploads\/2015\/08\/Captura-de-pantalla-2015-08-11-a-las-15.08.47.png 1057w\" sizes=\"(max-width: 1024px) 100vw, 1024px\" \/><\/a><\/figure><figure class=\"wp-block-image size-full\"><a href=\"https:\/\/fyaconsultoria.com.mx\/wp-content\/uploads\/2015\/08\/Captura-de-pantalla-2015-08-11-a-las-15.09.21.png\"><img decoding=\"async\" width=\"972\" height=\"944\" src=\"https:\/\/fyaconsultoria.com.mx\/wp-content\/uploads\/2015\/08\/Captura-de-pantalla-2015-08-11-a-las-15.09.21.png\" alt=\"\" class=\"wp-image-36\" srcset=\"https:\/\/fyaconsultoria.com.mx\/wp-content\/uploads\/2015\/08\/Captura-de-pantalla-2015-08-11-a-las-15.09.21.png 972w, https:\/\/fyaconsultoria.com.mx\/wp-content\/uploads\/2015\/08\/Captura-de-pantalla-2015-08-11-a-las-15.09.21-600x583.png 600w, https:\/\/fyaconsultoria.com.mx\/wp-content\/uploads\/2015\/08\/Captura-de-pantalla-2015-08-11-a-las-15.09.21-300x291.png 300w\" sizes=\"(max-width: 972px) 100vw, 972px\" \/><\/a><\/figure><figure class=\"wp-block-image size-large\"><a href=\"https:\/\/fyaconsultoria.com.mx\/wp-content\/uploads\/2015\/08\/Captura-de-pantalla-2015-08-11-a-las-15.09.57.png\"><img loading=\"lazy\" decoding=\"async\" width=\"1024\" height=\"847\" src=\"https:\/\/fyaconsultoria.com.mx\/wp-content\/uploads\/2015\/08\/Captura-de-pantalla-2015-08-11-a-las-15.09.57-1024x847.png\" alt=\"\" class=\"wp-image-38\" srcset=\"https:\/\/fyaconsultoria.com.mx\/wp-content\/uploads\/2015\/08\/Captura-de-pantalla-2015-08-11-a-las-15.09.57-1024x847.png 1024w, https:\/\/fyaconsultoria.com.mx\/wp-content\/uploads\/2015\/08\/Captura-de-pantalla-2015-08-11-a-las-15.09.57-600x496.png 600w, https:\/\/fyaconsultoria.com.mx\/wp-content\/uploads\/2015\/08\/Captura-de-pantalla-2015-08-11-a-las-15.09.57-300x248.png 300w, https:\/\/fyaconsultoria.com.mx\/wp-content\/uploads\/2015\/08\/Captura-de-pantalla-2015-08-11-a-las-15.09.57.png 1033w\" sizes=\"(max-width: 1024px) 100vw, 1024px\" \/><\/a><\/figure><figure class=\"wp-block-image size-full\"><a href=\"https:\/\/fyaconsultoria.com.mx\/wp-content\/uploads\/2015\/08\/Captura-de-pantalla-2015-08-11-a-las-15.10.16.png\"><img loading=\"lazy\" decoding=\"async\" width=\"1015\" height=\"757\" src=\"https:\/\/fyaconsultoria.com.mx\/wp-content\/uploads\/2015\/08\/Captura-de-pantalla-2015-08-11-a-las-15.10.16.png\" alt=\"\" class=\"wp-image-39\" srcset=\"https:\/\/fyaconsultoria.com.mx\/wp-content\/uploads\/2015\/08\/Captura-de-pantalla-2015-08-11-a-las-15.10.16.png 1015w, https:\/\/fyaconsultoria.com.mx\/wp-content\/uploads\/2015\/08\/Captura-de-pantalla-2015-08-11-a-las-15.10.16-600x447.png 600w, https:\/\/fyaconsultoria.com.mx\/wp-content\/uploads\/2015\/08\/Captura-de-pantalla-2015-08-11-a-las-15.10.16-300x224.png 300w\" sizes=\"(max-width: 1015px) 100vw, 1015px\" \/><\/a><\/figure><figure class=\"wp-block-image size-large\"><a href=\"https:\/\/fyaconsultoria.com.mx\/wp-content\/uploads\/2015\/08\/Captura-de-pantalla-2015-08-11-a-las-15.10.30.png\"><img loading=\"lazy\" decoding=\"async\" width=\"1024\" height=\"854\" src=\"https:\/\/fyaconsultoria.com.mx\/wp-content\/uploads\/2015\/08\/Captura-de-pantalla-2015-08-11-a-las-15.10.30-1024x854.png\" alt=\"\" class=\"wp-image-40\" srcset=\"https:\/\/fyaconsultoria.com.mx\/wp-content\/uploads\/2015\/08\/Captura-de-pantalla-2015-08-11-a-las-15.10.30-1024x854.png 1024w, https:\/\/fyaconsultoria.com.mx\/wp-content\/uploads\/2015\/08\/Captura-de-pantalla-2015-08-11-a-las-15.10.30-600x500.png 600w, https:\/\/fyaconsultoria.com.mx\/wp-content\/uploads\/2015\/08\/Captura-de-pantalla-2015-08-11-a-las-15.10.30-300x250.png 300w, https:\/\/fyaconsultoria.com.mx\/wp-content\/uploads\/2015\/08\/Captura-de-pantalla-2015-08-11-a-las-15.10.30.png 1100w\" sizes=\"(max-width: 1024px) 100vw, 1024px\" \/><\/a><\/figure><figure class=\"wp-block-image size-large\"><a href=\"https:\/\/fyaconsultoria.com.mx\/wp-content\/uploads\/2015\/08\/Captura-de-pantalla-2015-08-11-a-las-15.10.44.png\"><img loading=\"lazy\" decoding=\"async\" width=\"1024\" height=\"905\" src=\"https:\/\/fyaconsultoria.com.mx\/wp-content\/uploads\/2015\/08\/Captura-de-pantalla-2015-08-11-a-las-15.10.44-1024x905.png\" alt=\"\" class=\"wp-image-41\" srcset=\"https:\/\/fyaconsultoria.com.mx\/wp-content\/uploads\/2015\/08\/Captura-de-pantalla-2015-08-11-a-las-15.10.44-1024x905.png 1024w, https:\/\/fyaconsultoria.com.mx\/wp-content\/uploads\/2015\/08\/Captura-de-pantalla-2015-08-11-a-las-15.10.44-600x530.png 600w, https:\/\/fyaconsultoria.com.mx\/wp-content\/uploads\/2015\/08\/Captura-de-pantalla-2015-08-11-a-las-15.10.44-300x265.png 300w, https:\/\/fyaconsultoria.com.mx\/wp-content\/uploads\/2015\/08\/Captura-de-pantalla-2015-08-11-a-las-15.10.44.png 1039w\" sizes=\"(max-width: 1024px) 100vw, 1024px\" \/><\/a><\/figure>","protected":false},"excerpt":{"rendered":"<p>Nuestro idioma es el idioma de las necesidades de nuestros clientes\u2026 F&amp;A Consultor\u00eda Organizacional, nace de la asociaci\u00f3n de expertos en diversas \u00e1reas del conocimiento enfocados al Ser Humano, sus premisas, sus actitudes y su impacto en la eficiencia organizacional. [&hellip;]<\/p>\n","protected":false},"author":1,"featured_media":0,"parent":0,"menu_order":0,"comment_status":"open","ping_status":"open","template":"page-fullwidth.php","meta":{"footnotes":""},"class_list":["post-18","page","type-page","status-publish","hentry"],"_links":{"self":[{"href":"https:\/\/fyaconsultoria.com.mx\/index.php\/wp-json\/wp\/v2\/pages\/18","targetHints":{"allow":["GET"]}}],"collection":[{"href":"https:\/\/fyaconsultoria.com.mx\/index.php\/wp-json\/wp\/v2\/pages"}],"about":[{"href":"https:\/\/fyaconsultoria.com.mx\/index.php\/wp-json\/wp\/v2\/types\/page"}],"author":[{"embeddable":true,"href":"https:\/\/fyaconsultoria.com.mx\/index.php\/wp-json\/wp\/v2\/users\/1"}],"replies":[{"embeddable":true,"href":"https:\/\/fyaconsultoria.com.mx\/index.php\/wp-json\/wp\/v2\/comments?post=18"}],"version-history":[{"count":5,"href":"https:\/\/fyaconsultoria.com.mx\/index.php\/wp-json\/wp\/v2\/pages\/18\/revisions"}],"predecessor-version":[{"id":77,"href":"https:\/\/fyaconsultoria.com.mx\/index.php\/wp-json\/wp\/v2\/pages\/18\/revisions\/77"}],"wp:attachment":[{"href":"https:\/\/fyaconsultoria.com.mx\/index.php\/wp-json\/wp\/v2\/media?parent=18"}],"curies":[{"name":"wp","href":"https:\/\/api.w.org\/{rel}","templated":true}]}}